{"id":1480,"date":"2022-06-06T11:23:29","date_gmt":"2022-06-06T11:23:29","guid":{"rendered":"http:\/\/pavimentosalcala.es\/?page_id=1480"},"modified":"2022-06-06T16:04:01","modified_gmt":"2022-06-06T16:04:01","slug":"hormigon-impreso","status":"publish","type":"page","link":"https:\/\/pavimentosalcala.es\/index.php\/hormigon-impreso\/","title":{"rendered":"HORMIG\u00d3N IMPRESO"},"content":{"rendered":"\t\t<div data-elementor-type=\"wp-page\" data-elementor-id=\"1480\" class=\"elementor elementor-1480\">\n\t\t\t\t\t\t\t\t\t<section class=\"elementor-section elementor-top-section elementor-element elementor-element-6f7zr6b elementor-section-boxed elementor-section-height-default elementor-section-height-default\" data-id=\"6f7zr6b\" data-element_type=\"section\" data-settings=\"{&quot;background_background&quot;:&quot;classic&quot;}\">\n\t\t\t\t\t\t\t<div class=\"elementor-background-overlay\"><\/div>\n\t\t\t\t\t\t\t<div class=\"elementor-container elementor-column-gap-default\">\n\t\t\t\t\t<div class=\"elementor-column elementor-col-100 elementor-top-column elementor-element elementor-element-90988fe\" data-id=\"90988fe\" data-element_type=\"column\">\n\t\t\t<div class=\"elementor-widget-wrap elementor-element-populated\">\n\t\t\t\t\t\t\t\t<div class=\"elementor-element elementor-element-4a1c612 elementor-widget elementor-widget-heading\" data-id=\"4a1c612\" data-element_type=\"widget\" data-widget_type=\"heading.default\">\n\t\t\t\t<div class=\"elementor-widget-container\">\n\t\t\t<style>\/*! elementor - v3.6.5 - 27-04-2022 *\/\n.elementor-heading-title{padding:0;margin:0;line-height:1}.elementor-widget-heading .elementor-heading-title[class*=elementor-size-]>a{color:inherit;font-size:inherit;line-height:inherit}.elementor-widget-heading .elementor-heading-title.elementor-size-small{font-size:15px}.elementor-widget-heading .elementor-heading-title.elementor-size-medium{font-size:19px}.elementor-widget-heading .elementor-heading-title.elementor-size-large{font-size:29px}.elementor-widget-heading .elementor-heading-title.elementor-size-xl{font-size:39px}.elementor-widget-heading .elementor-heading-title.elementor-size-xxl{font-size:59px}<\/style><h1 class=\"elementor-heading-title elementor-size-default\">HORMIG\u00d3N IMPRESO<\/h1>\t\t<\/div>\n\t\t\t\t<\/div>\n\t\t\t\t\t<\/div>\n\t\t<\/div>\n\t\t\t\t\t\t\t<\/div>\n\t\t<\/section>\n\t\t\t\t<section class=\"elementor-section elementor-top-section elementor-element elementor-element-y9ptouu elementor-section-content-middle elementor-section-boxed elementor-section-height-default elementor-section-height-default\" data-id=\"y9ptouu\" data-element_type=\"section\">\n\t\t\t\t\t\t\t<div class=\"elementor-background-overlay\"><\/div>\n\t\t\t\t\t\t\t<div class=\"elementor-container elementor-column-gap-no\">\n\t\t\t\t\t<div class=\"elementor-column elementor-col-100 elementor-top-column elementor-element elementor-element-da6ae65\" data-id=\"da6ae65\" data-element_type=\"column\">\n\t\t\t<div class=\"elementor-widget-wrap elementor-element-populated\">\n\t\t\t\t\t\t\t\t<div class=\"elementor-element elementor-element-b0fabca elementor-position-top elementor-vertical-align-top elementor-widget elementor-widget-image-box\" data-id=\"b0fabca\" data-element_type=\"widget\" data-widget_type=\"image-box.default\">\n\t\t\t\t<div class=\"elementor-widget-container\">\n\t\t\t<style>\/*! elementor - v3.6.5 - 27-04-2022 *\/\n.elementor-widget-image-box .elementor-image-box-content{width:100%}@media (min-width:768px){.elementor-widget-image-box.elementor-position-left .elementor-image-box-wrapper,.elementor-widget-image-box.elementor-position-right .elementor-image-box-wrapper{display:-webkit-box;display:-ms-flexbox;display:flex}.elementor-widget-image-box.elementor-position-right .elementor-image-box-wrapper{text-align:right;-webkit-box-orient:horizontal;-webkit-box-direction:reverse;-ms-flex-direction:row-reverse;flex-direction:row-reverse}.elementor-widget-image-box.elementor-position-left .elementor-image-box-wrapper{text-align:left;-webkit-box-orient:horizontal;-webkit-box-direction:normal;-ms-flex-direction:row;flex-direction:row}.elementor-widget-image-box.elementor-position-top .elementor-image-box-img{margin:auto}.elementor-widget-image-box.elementor-vertical-align-top .elementor-image-box-wrapper{-webkit-box-align:start;-ms-flex-align:start;align-items:flex-start}.elementor-widget-image-box.elementor-vertical-align-middle .elementor-image-box-wrapper{-webkit-box-align:center;-ms-flex-align:center;align-items:center}.elementor-widget-image-box.elementor-vertical-align-bottom .elementor-image-box-wrapper{-webkit-box-align:end;-ms-flex-align:end;align-items:flex-end}}@media (max-width:767px){.elementor-widget-image-box .elementor-image-box-img{margin-left:auto!important;margin-right:auto!important;margin-bottom:15px}}.elementor-widget-image-box .elementor-image-box-img{display:inline-block}.elementor-widget-image-box .elementor-image-box-title a{color:inherit}.elementor-widget-image-box .elementor-image-box-wrapper{text-align:center}.elementor-widget-image-box .elementor-image-box-description{margin:0}<\/style><div class=\"elementor-image-box-wrapper\"><div class=\"elementor-image-box-content\"><p class=\"elementor-image-box-description\">El suelo de hormigon impreso es muy resistente y de alta durabilidad que har\u00e1 que aproveche al m\u00e1ximo su inversi\u00f3n.\nPuedes obtener un aspecto r\u00fastico o moderno pero al mismo tiempo, sin restricciones de color, lo que supone una ventaja principal.<\/p><\/div><\/div>\t\t<\/div>\n\t\t\t\t<\/div>\n\t\t\t\t<div class=\"elementor-element elementor-element-6fecb3a elementor-pagination-position-outside elementor-widget elementor-widget-image-carousel\" data-id=\"6fecb3a\" data-element_type=\"widget\" data-settings=\"{&quot;slides_to_show&quot;:&quot;3&quot;,&quot;slides_to_scroll&quot;:&quot;1&quot;,&quot;navigation&quot;:&quot;dots&quot;,&quot;slides_to_show_tablet&quot;:&quot;2&quot;,&quot;slides_to_show_mobile&quot;:&quot;1&quot;,&quot;autoplay&quot;:&quot;no&quot;,&quot;infinite&quot;:&quot;yes&quot;,&quot;speed&quot;:500,&quot;image_spacing_custom&quot;:{&quot;unit&quot;:&quot;px&quot;,&quot;size&quot;:20,&quot;sizes&quot;:[]}}\" data-widget_type=\"image-carousel.default\">\n\t\t\t\t<div class=\"elementor-widget-container\">\n\t\t\t<style>\/*! elementor - v3.6.5 - 27-04-2022 *\/\n.elementor-widget-image-carousel .swiper-container{position:static}.elementor-widget-image-carousel .swiper-container .swiper-slide figure{line-height:inherit}.elementor-widget-image-carousel .swiper-slide{text-align:center}.elementor-image-carousel-wrapper:not(.swiper-container-initialized) .swiper-slide{max-width:calc(100% \/ var(--e-image-carousel-slides-to-show, 3))}<\/style>\t\t<div class=\"elementor-image-carousel-wrapper swiper-container\" dir=\"ltr\">\n\t\t\t<div class=\"elementor-image-carousel swiper-wrapper swiper-image-stretch\">\n\t\t\t\t\t\t\t\t<div class=\"swiper-slide\"><figure class=\"swiper-slide-inner\"><img decoding=\"async\" class=\"swiper-slide-image\" src=\"https:\/\/pavimentosalcala.es\/wp-content\/uploads\/elementor\/thumbs\/WhatsApp-Image-2022-06-06-at-12.33.51-AM-8-1-ppwx49w99ru30i4ac6662t12otfnalwh8f5zi4p9ug.jpeg\" alt=\"WhatsApp Image 2022-06-06 at 12.33.51 AM (8)\" \/><\/figure><\/div><div class=\"swiper-slide\"><figure class=\"swiper-slide-inner\"><img decoding=\"async\" class=\"swiper-slide-image\" src=\"https:\/\/pavimentosalcala.es\/wp-content\/uploads\/elementor\/thumbs\/WhatsApp-Image-2022-06-06-at-12.33.52-AM-2-ppwx4au3glvdc42x6oksnasja7b0ib07kjtgzenvo8.jpeg\" alt=\"WhatsApp Image 2022-06-06 at 12.33.52 AM (2)\" \/><\/figure><\/div><div class=\"swiper-slide\"><figure class=\"swiper-slide-inner\"><img decoding=\"async\" class=\"swiper-slide-image\" src=\"https:\/\/pavimentosalcala.es\/wp-content\/uploads\/elementor\/thumbs\/WhatsApp-Image-2022-06-06-at-12.33.52-AM-3-1-ppwx4cpru9xxzc06vpe1sabggz1qxp7o8t4fxyl3bs.jpeg\" alt=\"WhatsApp Image 2022-06-06 at 12.33.52 AM (3)\" \/><\/figure><\/div><div class=\"swiper-slide\"><figure class=\"swiper-slide-inner\"><img decoding=\"async\" class=\"swiper-slide-image\" src=\"https:\/\/pavimentosalcala.es\/wp-content\/uploads\/elementor\/thumbs\/WhatsApp-Image-2022-06-06-at-12.33.52-AM-1-ppwx4dnm13z8axytq7socs2x2cx45ebekxrxf8jp5k.jpeg\" alt=\"WhatsApp Image 2022-06-06 at 12.33.52 AM\" \/><\/figure><\/div><div class=\"swiper-slide\"><figure class=\"swiper-slide-inner\"><img decoding=\"async\" class=\"swiper-slide-image\" src=\"https:\/\/pavimentosalcala.es\/wp-content\/uploads\/elementor\/thumbs\/WhatsApp-Image-2022-06-06-at-12.33.51-AM-6-1-ppwxl8vco32gn1gt8i9o3iuot9s89va08f7lfzjdi0.jpeg\" alt=\"WhatsApp Image 2022-06-06 at 12.33.51 AM (6)\" \/><\/figure><\/div><div class=\"swiper-slide\"><figure class=\"swiper-slide-inner\"><img decoding=\"async\" class=\"swiper-slide-image\" src=\"https:\/\/pavimentosalcala.es\/wp-content\/uploads\/elementor\/thumbs\/WhatsApp-Image-2022-06-06-at-12.33.52-AM-1-1-ppwxlbov8l6blvcps1hjt052lfebwyl78t61vtf6zc.jpeg\" alt=\"WhatsApp Image 2022-06-06 at 12.33.52 AM (1)\" \/><\/figure><\/div><div class=\"swiper-slide\"><figure class=\"swiper-slide-inner\"><img decoding=\"async\" class=\"swiper-slide-image\" src=\"https:\/\/pavimentosalcala.es\/wp-content\/uploads\/elementor\/thumbs\/WhatsApp-Image-2022-06-06-at-12.33.51-AM-1-ppwxl61u3kylo7kwoz1se1kb1464mryt819505nk0o.jpeg\" alt=\"WhatsApp Image 2022-06-06 at 12.33.51 AM (1)\" \/><\/figure><\/div><div class=\"swiper-slide\"><figure class=\"swiper-slide-inner\"><img decoding=\"async\" class=\"swiper-slide-image\" src=\"https:\/\/pavimentosalcala.es\/wp-content\/uploads\/elementor\/thumbs\/WhatsApp-Image-2022-06-06-at-1.47.32-AM-6-ppwxs8s3jonb2jawdj5onra80jalkr22j21q255v6g.jpeg\" alt=\"WhatsApp Image 2022-06-06 at 1.47.32 AM (6)\" \/><\/figure><\/div>\t\t\t<\/div>\n\t\t\t\t\t\t\t\t\t\t\t\t<div class=\"swiper-pagination\"><\/div>\n\t\t\t\t\t\t\t\t\t\t\t\t\t<\/div>\n\t\t\t\t<\/div>\n\t\t\t\t<\/div>\n\t\t\t\t\t<\/div>\n\t\t<\/div>\n\t\t\t\t\t\t\t<\/div>\n\t\t<\/section>\n\t\t\t\t\t\t\t<\/div>\n\t\t","protected":false},"excerpt":{"rendered":"<p>HORMIG\u00d3N IMPRESO El suelo de hormigon impreso es muy resistente y de alta durabilidad que har\u00e1 que aproveche al m\u00e1ximo su inversi\u00f3n. Puedes obtener un aspecto r\u00fastico o moderno pero al mismo tiempo, sin restricciones de color, lo que supone una ventaja principal.<\/p>\n","protected":false},"author":1,"featured_media":0,"parent":0,"menu_order":0,"comment_status":"closed","ping_status":"closed","template":"","meta":{"site-sidebar-layout":"no-sidebar","site-content-layout":"page-builder","ast-global-header-display":"","ast-main-header-display":"","ast-hfb-above-header-display":"","ast-hfb-below-header-display":"","ast-hfb-mobile-header-display":"","site-post-title":"disabled","ast-breadcrumbs-content":"","ast-featured-img":"disabled","footer-sml-layout":"","theme-transparent-header-meta":"","adv-header-id-meta":"","stick-header-meta":"","header-above-stick-meta":"","header-main-stick-meta":"","header-below-stick-meta":"","footnotes":""},"class_list":["post-1480","page","type-page","status-publish","hentry"],"_links":{"self":[{"href":"https:\/\/pavimentosalcala.es\/index.php\/wp-json\/wp\/v2\/pages\/1480","targetHints":{"allow":["GET"]}}],"collection":[{"href":"https:\/\/pavimentosalcala.es\/index.php\/wp-json\/wp\/v2\/pages"}],"about":[{"href":"https:\/\/pavimentosalcala.es\/index.php\/wp-json\/wp\/v2\/types\/page"}],"author":[{"embeddable":true,"href":"https:\/\/pavimentosalcala.es\/index.php\/wp-json\/wp\/v2\/users\/1"}],"replies":[{"embeddable":true,"href":"https:\/\/pavimentosalcala.es\/index.php\/wp-json\/wp\/v2\/comments?post=1480"}],"version-history":[{"count":37,"href":"https:\/\/pavimentosalcala.es\/index.php\/wp-json\/wp\/v2\/pages\/1480\/revisions"}],"predecessor-version":[{"id":1651,"href":"https:\/\/pavimentosalcala.es\/index.php\/wp-json\/wp\/v2\/pages\/1480\/revisions\/1651"}],"wp:attachment":[{"href":"https:\/\/pavimentosalcala.es\/index.php\/wp-json\/wp\/v2\/media?parent=1480"}],"curies":[{"name":"wp","href":"https:\/\/api.w.org\/{rel}","templated":true}]}}